{"id":57,"date":"2024-10-17T16:39:45","date_gmt":"2024-10-17T16:39:45","guid":{"rendered":"https:\/\/radioklub-karlovac.hr\/?page_id=57"},"modified":"2025-03-08T13:59:10","modified_gmt":"2025-03-08T13:59:10","slug":"prostorije-kluba","status":"publish","type":"page","link":"https:\/\/radioklub-karlovac.hr\/?page_id=57","title":{"rendered":"Prostorije Kluba"},"content":{"rendered":"\n<p>Sjedi\u0161te Radiokluba Karlovac nalazi se u samom sredi\u0161tu grada, na adresi Maksimilijana Vrhovca 15. Ovdje se okupljaju \u010dlanovi kluba, odr\u017eavaju sastanci, radionice i edukacije za nove \u010dlanove i mlade radioamatere.<\/p>\n\n\n\n<p>Zbog ograni\u010denih mogu\u0107nosti postavljanja antenskih sustava na ovoj lokaciji, prakti\u010dne aktivnosti poput natjecanja i aktivacija \u010desto se odvijaju na na\u0161oj natjecateljskoj lokaciji na brdu Sveti Kri\u017e. Lokacija Sveti Kri\u017e smje\u0161tena je nedaleko od grada, na idealnoj nadmorskoj visini od 318 metara, \u0161to pru\u017ea izvrsne uvjete za radijske veze i natjecanja.<\/p>\n\n\n\n<figure class=\"wp-block-gallery has-nested-images columns-default is-cropped wp-block-gallery-1 is-layout-flex wp-block-gallery-is-layout-flex\">\n<figure class=\"wp-block-image size-large\"><img loading=\"lazy\" decoding=\"async\" width=\"1024\" height=\"768\" data-id=\"65\" src=\"https:\/\/radioklub-karlovac.hr\/wp-content\/uploads\/2024\/10\/20241008_184111-1024x768.jpg\" alt=\"\" class=\"wp-image-65\" srcset=\"https:\/\/radioklub-karlovac.hr\/wp-content\/uploads\/2024\/10\/20241008_184111-1024x768.jpg 1024w, https:\/\/radioklub-karlovac.hr\/wp-content\/uploads\/2024\/10\/20241008_184111-300x225.jpg 300w, https:\/\/radioklub-karlovac.hr\/wp-content\/uploads\/2024\/10\/20241008_184111-768x576.jpg 768w, https:\/\/radioklub-karlovac.hr\/wp-content\/uploads\/2024\/10\/20241008_184111-1536x1152.jpg 1536w, https:\/\/radioklub-karlovac.hr\/wp-content\/uploads\/2024\/10\/20241008_184111-2048x1536.jpg 2048w\" sizes=\"auto, (max-width: 1024px) 100vw, 1024px\" \/><\/figure>\n\n\n\n<figure class=\"wp-block-image size-large\"><img loading=\"lazy\" decoding=\"async\" width=\"1024\" height=\"768\" data-id=\"64\" src=\"https:\/\/radioklub-karlovac.hr\/wp-content\/uploads\/2024\/10\/20241008_183952-1024x768.jpg\" alt=\"\" class=\"wp-image-64\" srcset=\"https:\/\/radioklub-karlovac.hr\/wp-content\/uploads\/2024\/10\/20241008_183952-1024x768.jpg 1024w, https:\/\/radioklub-karlovac.hr\/wp-content\/uploads\/2024\/10\/20241008_183952-300x225.jpg 300w, https:\/\/radioklub-karlovac.hr\/wp-content\/uploads\/2024\/10\/20241008_183952-768x576.jpg 768w, https:\/\/radioklub-karlovac.hr\/wp-content\/uploads\/2024\/10\/20241008_183952-1536x1152.jpg 1536w, https:\/\/radioklub-karlovac.hr\/wp-content\/uploads\/2024\/10\/20241008_183952-2048x1536.jpg 2048w\" sizes=\"auto, (max-width: 1024px) 100vw, 1024px\" \/><\/figure>\n\n\n\n<figure class=\"wp-block-image size-large\"><img loading=\"lazy\" decoding=\"async\" width=\"1024\" height=\"768\" data-id=\"63\" src=\"https:\/\/radioklub-karlovac.hr\/wp-content\/uploads\/2024\/10\/20241008_183927-1024x768.jpg\" alt=\"\" class=\"wp-image-63\" srcset=\"https:\/\/radioklub-karlovac.hr\/wp-content\/uploads\/2024\/10\/20241008_183927-1024x768.jpg 1024w, https:\/\/radioklub-karlovac.hr\/wp-content\/uploads\/2024\/10\/20241008_183927-300x225.jpg 300w, https:\/\/radioklub-karlovac.hr\/wp-content\/uploads\/2024\/10\/20241008_183927-768x576.jpg 768w, https:\/\/radioklub-karlovac.hr\/wp-content\/uploads\/2024\/10\/20241008_183927-1536x1152.jpg 1536w, https:\/\/radioklub-karlovac.hr\/wp-content\/uploads\/2024\/10\/20241008_183927-2048x1536.jpg 2048w\" sizes=\"auto, (max-width: 1024px) 100vw, 1024px\" \/><\/figure>\n\n\n\n<figure class=\"wp-block-image size-large\"><img loading=\"lazy\" decoding=\"async\" width=\"1024\" height=\"768\" data-id=\"62\" src=\"https:\/\/radioklub-karlovac.hr\/wp-content\/uploads\/2024\/10\/20241008_183847-1024x768.jpg\" alt=\"\" class=\"wp-image-62\" srcset=\"https:\/\/radioklub-karlovac.hr\/wp-content\/uploads\/2024\/10\/20241008_183847-1024x768.jpg 1024w, https:\/\/radioklub-karlovac.hr\/wp-content\/uploads\/2024\/10\/20241008_183847-300x225.jpg 300w, https:\/\/radioklub-karlovac.hr\/wp-content\/uploads\/2024\/10\/20241008_183847-768x576.jpg 768w, https:\/\/radioklub-karlovac.hr\/wp-content\/uploads\/2024\/10\/20241008_183847-1536x1152.jpg 1536w, https:\/\/radioklub-karlovac.hr\/wp-content\/uploads\/2024\/10\/20241008_183847-2048x1536.jpg 2048w\" sizes=\"auto, (max-width: 1024px) 100vw, 1024px\" \/><\/figure>\n\n\n\n<figure class=\"wp-block-image size-large\"><img loading=\"lazy\" decoding=\"async\" width=\"1024\" height=\"768\" data-id=\"61\" src=\"https:\/\/radioklub-karlovac.hr\/wp-content\/uploads\/2024\/10\/20241008_183835-1024x768.jpg\" alt=\"\" class=\"wp-image-61\" srcset=\"https:\/\/radioklub-karlovac.hr\/wp-content\/uploads\/2024\/10\/20241008_183835-1024x768.jpg 1024w, https:\/\/radioklub-karlovac.hr\/wp-content\/uploads\/2024\/10\/20241008_183835-300x225.jpg 300w, https:\/\/radioklub-karlovac.hr\/wp-content\/uploads\/2024\/10\/20241008_183835-768x576.jpg 768w, https:\/\/radioklub-karlovac.hr\/wp-content\/uploads\/2024\/10\/20241008_183835-1536x1152.jpg 1536w, https:\/\/radioklub-karlovac.hr\/wp-content\/uploads\/2024\/10\/20241008_183835-2048x1536.jpg 2048w\" sizes=\"auto, (max-width: 1024px) 100vw, 1024px\" \/><\/figure>\n\n\n\n<figure class=\"wp-block-image size-large\"><img loading=\"lazy\" decoding=\"async\" width=\"1024\" height=\"768\" data-id=\"60\" src=\"https:\/\/radioklub-karlovac.hr\/wp-content\/uploads\/2024\/10\/20241008_183826-1024x768.jpg\" alt=\"\" class=\"wp-image-60\" srcset=\"https:\/\/radioklub-karlovac.hr\/wp-content\/uploads\/2024\/10\/20241008_183826-1024x768.jpg 1024w, https:\/\/radioklub-karlovac.hr\/wp-content\/uploads\/2024\/10\/20241008_183826-300x225.jpg 300w, https:\/\/radioklub-karlovac.hr\/wp-content\/uploads\/2024\/10\/20241008_183826-768x576.jpg 768w, https:\/\/radioklub-karlovac.hr\/wp-content\/uploads\/2024\/10\/20241008_183826-1536x1152.jpg 1536w, https:\/\/radioklub-karlovac.hr\/wp-content\/uploads\/2024\/10\/20241008_183826-2048x1536.jpg 2048w\" sizes=\"auto, (max-width: 1024px) 100vw, 1024px\" \/><\/figure>\n<\/figure>\n\n\n\n<p>Za posjete prostorijama ili dodatne informacije slobodno nam se obratite putem kontakata navedenih na na\u0161oj web stranici ili nas posjetite tijekom uredovnog vremena, svakog utorka od 18 do 20 sati.<\/p>\n","protected":false},"excerpt":{"rendered":"<p>Sjedi\u0161te Radiokluba Karlovac nalazi se u samom sredi\u0161tu grada, na adresi Maksimilijana Vrhovca 15. Ovdje se okupljaju \u010dlanovi kluba, odr\u017eavaju sastanci, radionice i edukacije za nove \u010dlanove i mlade radioamatere. Zbog ograni\u010denih mogu\u0107nosti postavljanja antenskih sustava na ovoj lokaciji, prakti\u010dne aktivnosti poput natjecanja i aktivacija \u010desto se odvijaju na na\u0161oj natjecateljskoj lokaciji na brdu Sveti [&hellip;]<\/p>\n","protected":false},"author":1,"featured_media":0,"parent":0,"menu_order":0,"comment_status":"closed","ping_status":"closed","template":"","meta":{"footnotes":""},"class_list":["post-57","page","type-page","status-publish","hentry"],"_links":{"self":[{"href":"https:\/\/radioklub-karlovac.hr\/index.php?rest_route=\/wp\/v2\/pages\/57","targetHints":{"allow":["GET"]}}],"collection":[{"href":"https:\/\/radioklub-karlovac.hr\/index.php?rest_route=\/wp\/v2\/pages"}],"about":[{"href":"https:\/\/radioklub-karlovac.hr\/index.php?rest_route=\/wp\/v2\/types\/page"}],"author":[{"embeddable":true,"href":"https:\/\/radioklub-karlovac.hr\/index.php?rest_route=\/wp\/v2\/users\/1"}],"replies":[{"embeddable":true,"href":"https:\/\/radioklub-karlovac.hr\/index.php?rest_route=%2Fwp%2Fv2%2Fcomments&post=57"}],"version-history":[{"count":3,"href":"https:\/\/radioklub-karlovac.hr\/index.php?rest_route=\/wp\/v2\/pages\/57\/revisions"}],"predecessor-version":[{"id":150,"href":"https:\/\/radioklub-karlovac.hr\/index.php?rest_route=\/wp\/v2\/pages\/57\/revisions\/150"}],"wp:attachment":[{"href":"https:\/\/radioklub-karlovac.hr\/index.php?rest_route=%2Fwp%2Fv2%2Fmedia&parent=57"}],"curies":[{"name":"wp","href":"https:\/\/api.w.org\/{rel}","templated":true}]}}